{"id":492,"date":"2017-06-23T07:54:20","date_gmt":"2017-06-23T07:54:20","guid":{"rendered":"http:\/\/dummy.xtemos.com\/woodmart\/demos\/?page_id=492"},"modified":"2023-05-25T10:11:53","modified_gmt":"2023-05-25T08:11:53","slug":"home-electronics","status":"publish","type":"page","link":"https:\/\/majakaautopesula.ee\/et\/","title":{"rendered":"Avaleht"},"content":{"rendered":"<p>[vc_row][vc_column]\t\t\t<link rel=\"stylesheet\" id=\"wd-slider-css\" href=\"https:\/\/majakaautopesula.ee\/wp-content\/themes\/woodmart\/css\/parts\/el-slider.min.css?ver=7.2.4\" type=\"text\/css\" media=\"all\" \/> \t\t\t\t\t\t<style>\t\t\t#slider-326 .wd-slide {\n\t\t\t\tmin-height: 600px;\n\t\t\t}\n\n\t\t\t@media (min-width: 1025px) {\n\t\t\t\t.browser-Internet #slider-326 .wd-slide {\n\t\t\t\t\theight: 600px;\n\t\t\t\t}\n\t\t\t}\n\n\t\t\t@media (max-width: 1024px) {\n\t\t\t\t#slider-326 .wd-slide {\n\t\t\t\t\tmin-height: 345px;\n\t\t\t\t}\n\t\t\t}\n\n\t\t\t@media (max-width: 767px) {\n\t\t\t\t#slider-326 .wd-slide {\n\t\t\t\t\tmin-height: 300px;\n\t\t\t\t}\n\t\t\t}\n\n\t\t\t\t\t\t\t#slide-10157.woodmart-loaded .wd-slide-bg {\n\t\t\t\t\tbackground-image:url(https:\/\/majakaautopesula.ee\/wp-content\/uploads\/2021\/08\/header-home-self-serve.jpg);\t\t\t\t}\n\n\t\t\t\t#slide-10157 .wd-slide-bg {\n\t\t\t\t\tbackground-color:#fefefe;\t\t\t\t\t\n\t\t\t\t\t\t\t\t\t\t\t\t\t\t\t\t\t\t\t\t}\n\n\t\t\t\t\t\t\t\t\t#slide-10157 .wd-slide-inner {\n\t\t\t\t\t\tmax-width:1200px;\t\t\t\t\t}\n\t\t\t\t\n\t\t\t\t@media (max-width: 1024px) {\n\t\t\t\t\t\n\t\t\t\t\t\t\t\t\t\t\t#slide-10157 .wd-slide-inner {\n\t\t\t\t\t\t\tmax-width:1200px;\t\t\t\t\t\t}\n\t\t\t\t\t\n\t\t\t\t\t#slide-10157 .wd-slide-bg {\n\t\t\t\t\t\t\t\t\t\t\t\t\t\t\t\t\t\t\t\n\t\t\t\t\t\t\t\t\t\t\t\t\t\t\t\t\t\t\t\t\t\t\t\t}\n\t\t\t\t}\n\n\t\t\t\t@media (max-width: 767px) {\n\t\t\t\t\t\n\t\t\t\t\t\t\t\t\t\t\t#slide-10157 .wd-slide-inner {\n\t\t\t\t\t\t\tmax-width:300px;\t\t\t\t\t\t}\n\t\t\t\t\t\n\t\t\t\t\t#slide-10157 .wd-slide-bg {\n\t\t\t\t\t\t\t\t\t\t\t\t\t\t\t\t\t\t\t\n\t\t\t\t\t\t\t\t\t\t\t\t\t\t\t\t\t\t\t\t\t\t\t\t}\n\t\t\t\t}\n\n\t\t\t\t\n\t\t\t\t\t\t\t\t<\/style>\n\t\t\t\n\t\t\t<div id=\"slider-326\" data-id=\"326\" class=\"wd-slider-wrapper arrows-style-0 pagin-style-0 pagin-scheme-1 anim-slide wd-pagin-hr-center vc_row vc_row-fluid wd-section-stretch-content\" data-speed=\"9000\" data-wrap=\"yes\" data-autoheight=\"yes\" data-hide_pagination_control=\"yes\" data-hide_prev_next_buttons=\"yes\" data-sliding_speed=\"900\" data-content_animation=\"1\" data-library=\"flickity\" data-desktop=\"1\" data-tablet=\"1\" data-tablet_landscape=\"1\" data-mobile=\"1\">\n\t\t\t\t<div class=\"wd-slider wd-autoplay-animations-off \">\n\t\t\t\t\t\t\t\t\t\t\t\t\t\t\t\t\t<div id=\"slide-10157\" class=\"wd-slide woodmart-loaded\" >\n\t\t\t\t\t\t\t\t\t\t\t\t\t\t<div class=\"container wd-slide-container wd-items-middle wd-justify-middle content-fixed slide-without-padding\">\n\t\t\t\t\t\t\t\t<div class=\"wd-slide-inner \">\n\t\t\t\t\t\t\t\t\t\t\t\t\t\t\t\t\t\t\t<p>[vc_row full_width=&#8221;stretch_row_content&#8221; mobile_bg_img_hidden=&#8221;no&#8221; tablet_bg_img_hidden=&#8221;no&#8221; woodmart_parallax=&#8221;0&#8243; woodmart_gradient_switch=&#8221;no&#8221; row_reverse_mobile=&#8221;0&#8243; row_reverse_tablet=&#8221;0&#8243; woodmart_disable_overflow=&#8221;0&#8243;][vc_column offset=&#8221;vc_hidden-xs&#8221; mobile_bg_img_hidden=&#8221;no&#8221; tablet_bg_img_hidden=&#8221;no&#8221; woodmart_parallax=&#8221;0&#8243; woodmart_sticky_column=&#8221;false&#8221; parallax_scroll=&#8221;no&#8221; mobile_reset_margin=&#8221;no&#8221; tablet_reset_margin=&#8221;no&#8221;][vc_column_text woodmart_inline=&#8221;no&#8221; text_larger=&#8221;no&#8221;]<\/p>\n<h1><\/h1>\n<h1><\/h1>\n<h1 style=\"text-align: center;\"><span style=\"font-size: 96px;\"><strong>MAJAKA AUTOPESULA<\/strong><\/span><\/h1>\n<p>[\/vc_column_text][\/vc_column][\/vc_row][vc_row full_width=&#8221;stretch_row_content&#8221; mobile_bg_img_hidden=&#8221;no&#8221; tablet_bg_img_hidden=&#8221;no&#8221; woodmart_parallax=&#8221;0&#8243; woodmart_gradient_switch=&#8221;no&#8221; row_reverse_mobile=&#8221;0&#8243; row_reverse_tablet=&#8221;0&#8243; woodmart_disable_overflow=&#8221;0&#8243;][vc_column offset=&#8221;vc_hidden-lg vc_hidden-md vc_hidden-sm&#8221; mobile_bg_img_hidden=&#8221;no&#8221; tablet_bg_img_hidden=&#8221;no&#8221; woodmart_parallax=&#8221;0&#8243; woodmart_sticky_column=&#8221;false&#8221; parallax_scroll=&#8221;no&#8221; mobile_reset_margin=&#8221;no&#8221; tablet_reset_margin=&#8221;no&#8221;][vc_column_text woodmart_inline=&#8221;no&#8221; text_larger=&#8221;no&#8221;]<\/p>\n<h1><\/h1>\n<h1><\/h1>\n<h1 style=\"text-align: center;\"><span style=\"font-size: 32px;\"><strong>MAJAKA AUTOPESULA<\/strong><\/span><\/h1>\n<p>[\/vc_column_text][\/vc_column][\/vc_row]<\/p>\n\t\t\t\t\t\t\t\t\t\t\t\t\t\t\t\t\t<\/div>\n\t\t\t\t\t\t\t<\/div>\n\n\t\t\t\t\t\t\t<div class=\"wd-slide-bg wd-fill\"><\/div>\n\t\t\t\t\t\t<\/div>\n\n\t\t\t\t\t\t\t\t\t\t\t\t\t\t\t\t\t\t\t\t\t\t\t\t\t\t\t\t<\/div>\n\t\t\t<\/div>\n\n\t\t\t\t\t\t\t<div class=\"vc_row-full-width vc_clearfix\"><\/div>\n\t\t\t\t\t[\/vc_column][\/vc_row][vc_row full_width=&#8221;stretch_row_content_no_spaces&#8221; mobile_bg_img_hidden=&#8221;no&#8221; tablet_bg_img_hidden=&#8221;no&#8221; woodmart_parallax=&#8221;0&#8243; woodmart_gradient_switch=&#8221;no&#8221; row_reverse_mobile=&#8221;0&#8243; row_reverse_tablet=&#8221;0&#8243; woodmart_disable_overflow=&#8221;0&#8243;][vc_column][vc_column_text woodmart_inline=&#8221;no&#8221; text_larger=&#8221;no&#8221;]<iframe loading=\"lazy\" style=\"border: 0;\" src=\"https:\/\/www.google.com\/maps\/embed?pb=!1m18!1m12!1m3!1d2029.4407415476667!2d24.790568851516994!3d59.42572351024232!2m3!1f0!2f0!3f0!3m2!1i1024!2i768!4f13.1!3m3!1m2!1s0x469294aaaf0a3fb9%3A0xeb1291b6f96b20e3!2sMajaka%20Autopesula!5e0!3m2!1sru!2see!4v1627912926268!5m2!1sru!2see\" width=\"100%\" height=\"300\" allowfullscreen=\"allowfullscreen\"><\/iframe>[\/vc_column_text][\/vc_column][\/vc_row][vc_row][vc_column][vc_column_text woodmart_inline=&#8221;no&#8221; text_larger=&#8221;no&#8221;]<\/p>\n<p style=\"text-align: center;\"><span style=\"font-size: 28px;\">T\u00e4nu oma professionaalsetele ja k\u00f5rgelt kvalifitseeritud t\u00f6\u00f6tajatele ning tarnijatele oleme p\u00e4lvinud nii vanade kui ka uute klientide austuse.<\/span><\/p>\n<p>[\/vc_column_text][vc_row_inner][vc_column_inner width=&#8221;1\/3&#8243;]\t\t\t<link rel=\"stylesheet\" id=\"wd-info-box-css\" href=\"https:\/\/majakaautopesula.ee\/wp-content\/themes\/woodmart\/css\/parts\/el-info-box.min.css?ver=7.2.4\" type=\"text\/css\" media=\"all\" \/> \t\t\t\t\t\t<div class=\"info-box-wrapper\">\n\t\t\t\t<div id=\"wd-61096e82a90cb\" class=\" wd-rs-61096e82a90cb wd-info-box wd-wpb text-center box-icon-align-top box-style- color-scheme- wd-bg-none \"  >\n\t\t\t\t\t\t\t\t\t\t\t<div class=\"box-icon-wrapper  box-with-icon box-icon-simple\">\n\t\t\t\t\t\t\t<div class=\"info-box-icon\">\n\n\t\t\t\t\t\t\t\n\t\t\t\t\t\t\t\t\t\t\t\t\t\t\t\t\t<img width=\"150\" height=\"150\" src=\"https:\/\/majakaautopesula.ee\/wp-content\/themes\/woodmart\/images\/lazy.png\" class=\"info-icon image-1 attachment-thumbnail wd-lazy-load wd-lazy-fade\" alt=\"\" loading=\"lazy\" srcset=\"\" sizes=\"(max-width: 150px) 100vw, 150px\" data-wood-src=\"https:\/\/majakaautopesula.ee\/wp-content\/uploads\/2021\/08\/b1-150x150.png\" data-srcset=\"https:\/\/majakaautopesula.ee\/wp-content\/uploads\/2021\/08\/b1-150x150.png 150w, https:\/\/majakaautopesula.ee\/wp-content\/uploads\/2021\/08\/b1-300x300.png 300w, https:\/\/majakaautopesula.ee\/wp-content\/uploads\/2021\/08\/b1.png 320w\" \/>\t\t\t\t\t\t\t\t\t\t\t\t\t\t\t\n\t\t\t\t\t\t\t<\/div>\n\t\t\t\t\t\t<\/div>\n\t\t\t\t\t\t\t\t\t\t<div class=\"info-box-content\">\n\t\t\t\t\t\t<h4 class=\"info-box-title title box-title-style-default wd-fontsize-m\">KLIENDI L\u00c4HENEMINE<\/h4>\t\t\t\t\t\t<div class=\"info-box-inner set-cont-mb-s reset-last-child\">\n\t\t\t\t\t\t\t<p>Meie peamine \u00fclesanne on pakkuda klientidele kvaliteetset puhastust ja teenuseid.<\/p>\n\t\t\t\t\t\t<\/div>\n\n\t\t\t\t\t\t\t\t\t\t\t<\/div>\n\n\t\t\t\t\t\t\t\t\t<\/div>\n\t\t\t<\/div>\n\t\t[\/vc_column_inner][vc_column_inner width=&#8221;1\/3&#8243;]\t\t\t<div class=\"info-box-wrapper\">\n\t\t\t\t<div id=\"wd-61096ed5a75d5\" class=\" wd-rs-61096ed5a75d5 wd-info-box wd-wpb text-center box-icon-align-top box-style- color-scheme- wd-bg-none \"  >\n\t\t\t\t\t\t\t\t\t\t\t<div class=\"box-icon-wrapper  box-with-icon box-icon-simple\">\n\t\t\t\t\t\t\t<div class=\"info-box-icon\">\n\n\t\t\t\t\t\t\t\n\t\t\t\t\t\t\t\t\t\t\t\t\t\t\t\t\t<img width=\"150\" height=\"150\" src=\"https:\/\/majakaautopesula.ee\/wp-content\/themes\/woodmart\/images\/lazy.png\" class=\"info-icon image-1 attachment-thumbnail wd-lazy-load wd-lazy-fade\" alt=\"\" loading=\"lazy\" srcset=\"\" sizes=\"(max-width: 150px) 100vw, 150px\" data-wood-src=\"https:\/\/majakaautopesula.ee\/wp-content\/uploads\/2021\/08\/b2-150x150.png\" data-srcset=\"https:\/\/majakaautopesula.ee\/wp-content\/uploads\/2021\/08\/b2-150x150.png 150w, https:\/\/majakaautopesula.ee\/wp-content\/uploads\/2021\/08\/b2-300x300.png 300w, https:\/\/majakaautopesula.ee\/wp-content\/uploads\/2021\/08\/b2.png 320w\" \/>\t\t\t\t\t\t\t\t\t\t\t\t\t\t\t\n\t\t\t\t\t\t\t<\/div>\n\t\t\t\t\t\t<\/div>\n\t\t\t\t\t\t\t\t\t\t<div class=\"info-box-content\">\n\t\t\t\t\t\t<h4 class=\"info-box-title title box-title-style-default wd-fontsize-m\">PARIMAD MATERJALID<\/h4>\t\t\t\t\t\t<div class=\"info-box-inner set-cont-mb-s reset-last-child\">\n\t\t\t\t\t\t\t<p>Kasutame ainult t\u00f5estatud ja kvaliteetset keemiat.<\/p>\n\t\t\t\t\t\t<\/div>\n\n\t\t\t\t\t\t\t\t\t\t\t<\/div>\n\n\t\t\t\t\t\t\t\t\t<\/div>\n\t\t\t<\/div>\n\t\t[\/vc_column_inner][vc_column_inner width=&#8221;1\/3&#8243;]\t\t\t<div class=\"info-box-wrapper\">\n\t\t\t\t<div id=\"wd-61096eb3dd84b\" class=\" wd-rs-61096eb3dd84b wd-info-box wd-wpb text-center box-icon-align-top box-style- color-scheme- wd-bg-none \"  >\n\t\t\t\t\t\t\t\t\t\t\t<div class=\"box-icon-wrapper  box-with-icon box-icon-simple\">\n\t\t\t\t\t\t\t<div class=\"info-box-icon\">\n\n\t\t\t\t\t\t\t\n\t\t\t\t\t\t\t\t\t\t\t\t\t\t\t\t\t<img width=\"150\" height=\"150\" src=\"https:\/\/majakaautopesula.ee\/wp-content\/themes\/woodmart\/images\/lazy.png\" class=\"info-icon image-1 attachment-thumbnail wd-lazy-load wd-lazy-fade\" alt=\"\" loading=\"lazy\" srcset=\"\" sizes=\"(max-width: 150px) 100vw, 150px\" data-wood-src=\"https:\/\/majakaautopesula.ee\/wp-content\/uploads\/2021\/08\/b3-150x150.png\" data-srcset=\"https:\/\/majakaautopesula.ee\/wp-content\/uploads\/2021\/08\/b3-150x150.png 150w, https:\/\/majakaautopesula.ee\/wp-content\/uploads\/2021\/08\/b3-300x300.png 300w, https:\/\/majakaautopesula.ee\/wp-content\/uploads\/2021\/08\/b3.png 320w\" \/>\t\t\t\t\t\t\t\t\t\t\t\t\t\t\t\n\t\t\t\t\t\t\t<\/div>\n\t\t\t\t\t\t<\/div>\n\t\t\t\t\t\t\t\t\t\t<div class=\"info-box-content\">\n\t\t\t\t\t\t<h4 class=\"info-box-title title box-title-style-default wd-fontsize-m\">SOODUSPAKKUMISED<\/h4>\t\t\t\t\t\t<div class=\"info-box-inner set-cont-mb-s reset-last-child\">\n\t\t\t\t\t\t\t<p>P\u00fcsiklientidele tavap\u00e4rased allahindlused!<\/p>\n\t\t\t\t\t\t<\/div>\n\n\t\t\t\t\t\t\t\t\t\t\t<\/div>\n\n\t\t\t\t\t\t\t\t\t<\/div>\n\t\t\t<\/div>\n\t\t[\/vc_column_inner][\/vc_row_inner][\/vc_column][\/vc_row][vc_row][vc_column][vc_empty_space woodmart_hide_large=&#8221;0&#8243; woodmart_hide_medium=&#8221;0&#8243; woodmart_hide_small=&#8221;0&#8243; woodmart_hide_extra_small=&#8221;0&#8243;]\t\t\t<link rel=\"stylesheet\" id=\"wd-photoswipe-css\" href=\"https:\/\/majakaautopesula.ee\/wp-content\/themes\/woodmart\/css\/parts\/lib-photoswipe.min.css?ver=7.2.4\" type=\"text\/css\" media=\"all\" \/> \t\t\t\t\t\t<link rel=\"stylesheet\" id=\"wd-image-gallery-css\" href=\"https:\/\/majakaautopesula.ee\/wp-content\/themes\/woodmart\/css\/parts\/el-gallery.min.css?ver=7.2.4\" type=\"text\/css\" media=\"all\" \/> \t\t\t\t\t<div id=\"gallery_141\" class=\"wd-images-gallery wd-justify-center wd-items-middle view-masonry photoswipe-images\" >\n\t\t\t<div class=\"gallery-images row wd-spacing-6\">\n\t\t\t\t\t\t\t\t\t\t\t\t\t\t\t<div class=\"wd-gallery-item col-lg-3 col-md-3 col-sm-4 col-6\">\n\t\t\t\t\t\t\t\t\t\t\t\t\t\t<a href=\"https:\/\/majakaautopesula.ee\/wp-content\/uploads\/2021\/08\/g1.jpg\" data-elementor-open-lightbox=\"no\" data-index=\"1\" data-width=\"1024\" data-height=\"768\"  >\n\t\t\t\t\t\t\t\t\n\t\t\t\t\t\t\t\t\t\t\t\t\t\t\t\t\t<img width=\"300\" height=\"225\" src=\"https:\/\/majakaautopesula.ee\/wp-content\/themes\/woodmart\/images\/lazy.png\" class=\"wd-gallery-image image-1 attachment-medium wd-lazy-load wd-lazy-fade\" alt=\"\" loading=\"lazy\" srcset=\"\" sizes=\"(max-width: 300px) 100vw, 300px\" data-wood-src=\"https:\/\/majakaautopesula.ee\/wp-content\/uploads\/2021\/08\/g1-300x225.jpg\" data-srcset=\"https:\/\/majakaautopesula.ee\/wp-content\/uploads\/2021\/08\/g1-300x225.jpg 300w, https:\/\/majakaautopesula.ee\/wp-content\/uploads\/2021\/08\/g1-768x576.jpg 768w, https:\/\/majakaautopesula.ee\/wp-content\/uploads\/2021\/08\/g1.jpg 1024w\" \/>\t\t\t\t\t\t\t\t\n\n\t\t\t\t\t\t\t\t\t\t\t\t\t\t\t<\/a>\n\t\t\t\t\t\t\t\t\t\t\t\t<\/div>\n\t\t\t\t\t\t\t\t\t\t\t<div class=\"wd-gallery-item col-lg-3 col-md-3 col-sm-4 col-6\">\n\t\t\t\t\t\t\t\t\t\t\t\t\t\t<a href=\"https:\/\/majakaautopesula.ee\/wp-content\/uploads\/2021\/08\/g2.jpg\" data-elementor-open-lightbox=\"no\" data-index=\"2\" data-width=\"1024\" data-height=\"768\"  >\n\t\t\t\t\t\t\t\t\n\t\t\t\t\t\t\t\t\t\t\t\t\t\t\t\t\t<img width=\"300\" height=\"225\" src=\"https:\/\/majakaautopesula.ee\/wp-content\/themes\/woodmart\/images\/lazy.png\" class=\"wd-gallery-image image-2 attachment-medium wd-lazy-load wd-lazy-fade\" alt=\"\" loading=\"lazy\" srcset=\"\" sizes=\"(max-width: 300px) 100vw, 300px\" data-wood-src=\"https:\/\/majakaautopesula.ee\/wp-content\/uploads\/2021\/08\/g2-300x225.jpg\" data-srcset=\"https:\/\/majakaautopesula.ee\/wp-content\/uploads\/2021\/08\/g2-300x225.jpg 300w, https:\/\/majakaautopesula.ee\/wp-content\/uploads\/2021\/08\/g2-768x576.jpg 768w, https:\/\/majakaautopesula.ee\/wp-content\/uploads\/2021\/08\/g2.jpg 1024w\" \/>\t\t\t\t\t\t\t\t\n\n\t\t\t\t\t\t\t\t\t\t\t\t\t\t\t<\/a>\n\t\t\t\t\t\t\t\t\t\t\t\t<\/div>\n\t\t\t\t\t\t\t\t\t\t\t<div class=\"wd-gallery-item col-lg-3 col-md-3 col-sm-4 col-6\">\n\t\t\t\t\t\t\t\t\t\t\t\t\t\t<a href=\"https:\/\/majakaautopesula.ee\/wp-content\/uploads\/2021\/08\/g3.jpg\" data-elementor-open-lightbox=\"no\" data-index=\"3\" data-width=\"1024\" data-height=\"768\"  >\n\t\t\t\t\t\t\t\t\n\t\t\t\t\t\t\t\t\t\t\t\t\t\t\t\t\t<img width=\"300\" height=\"225\" src=\"https:\/\/majakaautopesula.ee\/wp-content\/themes\/woodmart\/images\/lazy.png\" class=\"wd-gallery-image image-3 attachment-medium wd-lazy-load wd-lazy-fade\" alt=\"\" loading=\"lazy\" srcset=\"\" sizes=\"(max-width: 300px) 100vw, 300px\" data-wood-src=\"https:\/\/majakaautopesula.ee\/wp-content\/uploads\/2021\/08\/g3-300x225.jpg\" data-srcset=\"https:\/\/majakaautopesula.ee\/wp-content\/uploads\/2021\/08\/g3-300x225.jpg 300w, https:\/\/majakaautopesula.ee\/wp-content\/uploads\/2021\/08\/g3-768x576.jpg 768w, https:\/\/majakaautopesula.ee\/wp-content\/uploads\/2021\/08\/g3.jpg 1024w\" \/>\t\t\t\t\t\t\t\t\n\n\t\t\t\t\t\t\t\t\t\t\t\t\t\t\t<\/a>\n\t\t\t\t\t\t\t\t\t\t\t\t<\/div>\n\t\t\t\t\t\t\t\t\t\t\t<div class=\"wd-gallery-item col-lg-3 col-md-3 col-sm-4 col-6\">\n\t\t\t\t\t\t\t\t\t\t\t\t\t\t<a href=\"https:\/\/majakaautopesula.ee\/wp-content\/uploads\/2021\/08\/g4.jpg\" data-elementor-open-lightbox=\"no\" data-index=\"4\" data-width=\"1024\" data-height=\"1024\"  >\n\t\t\t\t\t\t\t\t\n\t\t\t\t\t\t\t\t\t\t\t\t\t\t\t\t\t<img width=\"300\" height=\"300\" src=\"https:\/\/majakaautopesula.ee\/wp-content\/themes\/woodmart\/images\/lazy.png\" class=\"wd-gallery-image image-4 attachment-medium wd-lazy-load wd-lazy-fade\" alt=\"\" loading=\"lazy\" srcset=\"\" sizes=\"(max-width: 300px) 100vw, 300px\" data-wood-src=\"https:\/\/majakaautopesula.ee\/wp-content\/uploads\/2021\/08\/g4-300x300.jpg\" data-srcset=\"https:\/\/majakaautopesula.ee\/wp-content\/uploads\/2021\/08\/g4-300x300.jpg 300w, https:\/\/majakaautopesula.ee\/wp-content\/uploads\/2021\/08\/g4-150x150.jpg 150w, https:\/\/majakaautopesula.ee\/wp-content\/uploads\/2021\/08\/g4-768x768.jpg 768w, https:\/\/majakaautopesula.ee\/wp-content\/uploads\/2021\/08\/g4.jpg 1024w\" \/>\t\t\t\t\t\t\t\t\n\n\t\t\t\t\t\t\t\t\t\t\t\t\t\t\t<\/a>\n\t\t\t\t\t\t\t\t\t\t\t\t<\/div>\n\t\t\t\t\t\t\t\t\t\t\t<div class=\"wd-gallery-item col-lg-3 col-md-3 col-sm-4 col-6\">\n\t\t\t\t\t\t\t\t\t\t\t\t\t\t<a href=\"https:\/\/majakaautopesula.ee\/wp-content\/uploads\/2021\/08\/g5.jpg\" data-elementor-open-lightbox=\"no\" data-index=\"5\" data-width=\"1024\" data-height=\"768\"  >\n\t\t\t\t\t\t\t\t\n\t\t\t\t\t\t\t\t\t\t\t\t\t\t\t\t\t<img width=\"300\" height=\"225\" src=\"https:\/\/majakaautopesula.ee\/wp-content\/themes\/woodmart\/images\/lazy.png\" class=\"wd-gallery-image image-5 attachment-medium wd-lazy-load wd-lazy-fade\" alt=\"\" loading=\"lazy\" srcset=\"\" sizes=\"(max-width: 300px) 100vw, 300px\" data-wood-src=\"https:\/\/majakaautopesula.ee\/wp-content\/uploads\/2021\/08\/g5-300x225.jpg\" data-srcset=\"https:\/\/majakaautopesula.ee\/wp-content\/uploads\/2021\/08\/g5-300x225.jpg 300w, https:\/\/majakaautopesula.ee\/wp-content\/uploads\/2021\/08\/g5-768x576.jpg 768w, https:\/\/majakaautopesula.ee\/wp-content\/uploads\/2021\/08\/g5.jpg 1024w\" \/>\t\t\t\t\t\t\t\t\n\n\t\t\t\t\t\t\t\t\t\t\t\t\t\t\t<\/a>\n\t\t\t\t\t\t\t\t\t\t\t\t<\/div>\n\t\t\t\t\t\t\t\t\t\t\t<div class=\"wd-gallery-item col-lg-3 col-md-3 col-sm-4 col-6\">\n\t\t\t\t\t\t\t\t\t\t\t\t\t\t<a href=\"https:\/\/majakaautopesula.ee\/wp-content\/uploads\/2021\/08\/g6.jpg\" data-elementor-open-lightbox=\"no\" data-index=\"6\" data-width=\"1024\" data-height=\"1024\"  >\n\t\t\t\t\t\t\t\t\n\t\t\t\t\t\t\t\t\t\t\t\t\t\t\t\t\t<img width=\"300\" height=\"300\" src=\"https:\/\/majakaautopesula.ee\/wp-content\/themes\/woodmart\/images\/lazy.png\" class=\"wd-gallery-image image-6 attachment-medium wd-lazy-load wd-lazy-fade\" alt=\"\" loading=\"lazy\" srcset=\"\" sizes=\"(max-width: 300px) 100vw, 300px\" data-wood-src=\"https:\/\/majakaautopesula.ee\/wp-content\/uploads\/2021\/08\/g6-300x300.jpg\" data-srcset=\"https:\/\/majakaautopesula.ee\/wp-content\/uploads\/2021\/08\/g6-300x300.jpg 300w, https:\/\/majakaautopesula.ee\/wp-content\/uploads\/2021\/08\/g6-150x150.jpg 150w, https:\/\/majakaautopesula.ee\/wp-content\/uploads\/2021\/08\/g6-768x768.jpg 768w, https:\/\/majakaautopesula.ee\/wp-content\/uploads\/2021\/08\/g6.jpg 1024w\" \/>\t\t\t\t\t\t\t\t\n\n\t\t\t\t\t\t\t\t\t\t\t\t\t\t\t<\/a>\n\t\t\t\t\t\t\t\t\t\t\t\t<\/div>\n\t\t\t\t\t\t\t\t\t\t\t<div class=\"wd-gallery-item col-lg-3 col-md-3 col-sm-4 col-6\">\n\t\t\t\t\t\t\t\t\t\t\t\t\t\t<a href=\"https:\/\/majakaautopesula.ee\/wp-content\/uploads\/2021\/08\/g7.jpg\" data-elementor-open-lightbox=\"no\" data-index=\"7\" data-width=\"1024\" data-height=\"1024\"  >\n\t\t\t\t\t\t\t\t\n\t\t\t\t\t\t\t\t\t\t\t\t\t\t\t\t\t<img width=\"300\" height=\"300\" src=\"https:\/\/majakaautopesula.ee\/wp-content\/themes\/woodmart\/images\/lazy.png\" class=\"wd-gallery-image image-7 attachment-medium wd-lazy-load wd-lazy-fade\" alt=\"\" loading=\"lazy\" srcset=\"\" sizes=\"(max-width: 300px) 100vw, 300px\" data-wood-src=\"https:\/\/majakaautopesula.ee\/wp-content\/uploads\/2021\/08\/g7-300x300.jpg\" data-srcset=\"https:\/\/majakaautopesula.ee\/wp-content\/uploads\/2021\/08\/g7-300x300.jpg 300w, https:\/\/majakaautopesula.ee\/wp-content\/uploads\/2021\/08\/g7-150x150.jpg 150w, https:\/\/majakaautopesula.ee\/wp-content\/uploads\/2021\/08\/g7-768x768.jpg 768w, https:\/\/majakaautopesula.ee\/wp-content\/uploads\/2021\/08\/g7.jpg 1024w\" \/>\t\t\t\t\t\t\t\t\n\n\t\t\t\t\t\t\t\t\t\t\t\t\t\t\t<\/a>\n\t\t\t\t\t\t\t\t\t\t\t\t<\/div>\n\t\t\t\t\t\t\t\t\t\t\t\t<\/div>\n\t\t<\/div>\n\t\t\t\t[\/vc_column][\/vc_row]<\/p>","protected":false},"excerpt":{"rendered":"<p>[vc_row][vc_column][\/vc_column][\/vc_row][vc_row full_width=&#8221;stretch_row_content_no_spaces&#8221; mobile_bg_img_hidden=&#8221;no&#8221; tablet_bg_img_hidden=&#8221;no&#8221; woodmart_parallax=&#8221;0&#8243; woodmart_gradient_switch=&#8221;no&#8221; row_reverse_mobile=&#8221;0&#8243; row_reverse_tablet=&#8221;0&#8243; woodmart_disable_overflow=&#8221;0&#8243;][vc_column][vc_column_text woodmart_inline=&#8221;no&#8221; text_larger=&#8221;no&#8221;][\/vc_column_text][\/vc_column][\/vc_row][vc_row][vc_column][vc_column_text woodmart_inline=&#8221;no&#8221; text_larger=&#8221;no&#8221;] T\u00e4nu oma professionaalsetele ja k\u00f5rgelt kvalifitseeritud t\u00f6\u00f6tajatele<\/p>\n","protected":false},"author":1,"featured_media":0,"parent":0,"menu_order":0,"comment_status":"closed","ping_status":"closed","template":"","meta":[],"_links":{"self":[{"href":"https:\/\/majakaautopesula.ee\/et\/wp-json\/wp\/v2\/pages\/492"}],"collection":[{"href":"https:\/\/majakaautopesula.ee\/et\/wp-json\/wp\/v2\/pages"}],"about":[{"href":"https:\/\/majakaautopesula.ee\/et\/wp-json\/wp\/v2\/types\/page"}],"author":[{"embeddable":true,"href":"https:\/\/majakaautopesula.ee\/et\/wp-json\/wp\/v2\/users\/1"}],"replies":[{"embeddable":true,"href":"https:\/\/majakaautopesula.ee\/et\/wp-json\/wp\/v2\/comments?post=492"}],"version-history":[{"count":1,"href":"https:\/\/majakaautopesula.ee\/et\/wp-json\/wp\/v2\/pages\/492\/revisions"}],"predecessor-version":[{"id":10230,"href":"https:\/\/majakaautopesula.ee\/et\/wp-json\/wp\/v2\/pages\/492\/revisions\/10230"}],"wp:attachment":[{"href":"https:\/\/majakaautopesula.ee\/et\/wp-json\/wp\/v2\/media?parent=492"}],"curies":[{"name":"wp","href":"https:\/\/api.w.org\/{rel}","templated":true}]}}