{"id":10150,"date":"2021-08-02T15:49:16","date_gmt":"2021-08-02T13:49:16","guid":{"rendered":"https:\/\/majaka.sneg.ee\/et\/?page_id=10150"},"modified":"2023-05-25T10:12:01","modified_gmt":"2023-05-25T08:12:01","slug":"kahjurite-torje","status":"publish","type":"page","link":"https:\/\/majakaautopesula.ee\/et\/kahjurite-torje\/","title":{"rendered":"Kahjurite t\u00f5rje"},"content":{"rendered":"<p>Putukad \u2013 suurimad vaenlased Teie auto v\u00e4rvkattele. Kiirust armastavad autojuhid, leiavad suviti p\u00e4rast kiiremat s\u00f5itu hulgaliselt l\u00e4mastatud putukaid oma auto kapotilt. V\u00e4ga paljudel autodel m\u00e4ngib suurt rolli kapoti kalle. Putukad tuleb v\u00f5imalikult kiiresti eemaldada.<\/p>\n<p>Kaitsekiht mis kantakse Teie auto v\u00e4rvkattele hoiab \u00e4ra v\u00e4rvkatte kahjustusi. T\u00e4nu sellele kaitsekihile p\u00f5rkuvad putukad eemale ja ei kleepu nii k\u00f5vasti Teie auto k\u00fclge. Sellep\u00e4rast on soojematel kuudel vaja tihedamini pesta autot. Spetsiaalsed vahendid mis eemaldavad putukaid on vaid abiks putukate eemaldamisel, kui nad ei tee Teie autot t\u00e4ielikult puhtaks.<\/p>\n<p>K\u00f5ige t\u00e4htsam, \u00e4rge j\u00e4tke putukaj\u00e4\u00e4nuseid oma autole kuivama, eriti kui auto seisab p\u00e4ikese k\u00e4es. Kuid kui see ikkagi juhtus, \u00e4rge heitke meelt Majaka Autopesula aitab leida lahenduse igas olukorras.<\/p>","protected":false},"excerpt":{"rendered":"<p>Putukad \u2013 suurimad vaenlased Teie auto v\u00e4rvkattele. Kiirust armastavad autojuhid, leiavad suviti p\u00e4rast kiiremat s\u00f5itu hulgaliselt l\u00e4mastatud putukaid oma auto<\/p>\n","protected":false},"author":1,"featured_media":0,"parent":0,"menu_order":0,"comment_status":"closed","ping_status":"closed","template":"","meta":[],"_links":{"self":[{"href":"https:\/\/majakaautopesula.ee\/et\/wp-json\/wp\/v2\/pages\/10150"}],"collection":[{"href":"https:\/\/majakaautopesula.ee\/et\/wp-json\/wp\/v2\/pages"}],"about":[{"href":"https:\/\/majakaautopesula.ee\/et\/wp-json\/wp\/v2\/types\/page"}],"author":[{"embeddable":true,"href":"https:\/\/majakaautopesula.ee\/et\/wp-json\/wp\/v2\/users\/1"}],"replies":[{"embeddable":true,"href":"https:\/\/majakaautopesula.ee\/et\/wp-json\/wp\/v2\/comments?post=10150"}],"version-history":[{"count":1,"href":"https:\/\/majakaautopesula.ee\/et\/wp-json\/wp\/v2\/pages\/10150\/revisions"}],"predecessor-version":[{"id":10233,"href":"https:\/\/majakaautopesula.ee\/et\/wp-json\/wp\/v2\/pages\/10150\/revisions\/10233"}],"wp:attachment":[{"href":"https:\/\/majakaautopesula.ee\/et\/wp-json\/wp\/v2\/media?parent=10150"}],"curies":[{"name":"wp","href":"https:\/\/api.w.org\/{rel}","templated":true}]}}