{"id":10148,"date":"2021-08-02T15:48:30","date_gmt":"2021-08-02T13:48:30","guid":{"rendered":"https:\/\/majaka.sneg.ee\/et\/?page_id=10148"},"modified":"2023-05-25T10:12:15","modified_gmt":"2023-05-25T08:12:15","slug":"spetsiaalsed-tootlused-klaasidele","status":"publish","type":"page","link":"https:\/\/majakaautopesula.ee\/et\/spetsiaalsed-tootlused-klaasidele\/","title":{"rendered":"Spetsiaalsed t\u00f6\u00f6tlused klaasidele"},"content":{"rendered":"<p><strong>Tulede poleerimine ja muu optika.<\/strong><\/p>\n<p>Enamikel t\u00e4nap\u00e4eva autodel on tuled valmistatud spetsiaalsest plastikust, mis ajapikku kuluvad ja muutuvad h\u00f5guseks, mis omakorda m\u00f5jutab valguse kvaliteeti ning pimedal ajal s\u00f5ita halva valgusega, ei ole ohutu ja lihtsalt ebamugav.<\/p>\n<p>Meie eksperdid kasutades spetsiaalseid tehnoloogijaid eemaldavad Teie s\u00f5iduki esituledelt: kriimustused, kulunud kohad ning h\u00f5gususe. Poleerimine muudab esitulede v\u00e4ljan\u00e4gemise uueks ning valgus p\u00e4\u00e4seb paremini esile, tuues kaasa ohutuma liiklemise.<\/p>","protected":false},"excerpt":{"rendered":"<p>Tulede poleerimine ja muu optika. Enamikel t\u00e4nap\u00e4eva autodel on tuled valmistatud spetsiaalsest plastikust, mis ajapikku kuluvad ja muutuvad h\u00f5guseks, mis<\/p>\n","protected":false},"author":1,"featured_media":0,"parent":0,"menu_order":0,"comment_status":"closed","ping_status":"closed","template":"","meta":[],"_links":{"self":[{"href":"https:\/\/majakaautopesula.ee\/et\/wp-json\/wp\/v2\/pages\/10148"}],"collection":[{"href":"https:\/\/majakaautopesula.ee\/et\/wp-json\/wp\/v2\/pages"}],"about":[{"href":"https:\/\/majakaautopesula.ee\/et\/wp-json\/wp\/v2\/types\/page"}],"author":[{"embeddable":true,"href":"https:\/\/majakaautopesula.ee\/et\/wp-json\/wp\/v2\/users\/1"}],"replies":[{"embeddable":true,"href":"https:\/\/majakaautopesula.ee\/et\/wp-json\/wp\/v2\/comments?post=10148"}],"version-history":[{"count":1,"href":"https:\/\/majakaautopesula.ee\/et\/wp-json\/wp\/v2\/pages\/10148\/revisions"}],"predecessor-version":[{"id":10240,"href":"https:\/\/majakaautopesula.ee\/et\/wp-json\/wp\/v2\/pages\/10148\/revisions\/10240"}],"wp:attachment":[{"href":"https:\/\/majakaautopesula.ee\/et\/wp-json\/wp\/v2\/media?parent=10148"}],"curies":[{"name":"wp","href":"https:\/\/api.w.org\/{rel}","templated":true}]}}