{"id":10146,"date":"2021-08-02T15:47:48","date_gmt":"2021-08-02T13:47:48","guid":{"rendered":"https:\/\/majaka.sneg.ee\/et\/?page_id=10146"},"modified":"2023-05-25T10:12:13","modified_gmt":"2023-05-25T08:12:13","slug":"sisepuhastus","status":"publish","type":"page","link":"https:\/\/majakaautopesula.ee\/et\/sisepuhastus\/","title":{"rendered":"Sisepuhastus"},"content":{"rendered":"<p>T\u00e4nap\u00e4eva inimese jaoks \u2013 ei ole auto lihtsalt transpordivahend, see on koht, kus ta veedab suurema osa oma ajast. Ja n\u00f5uded autole, on samad mis oma kodule \u2013 see peaks olema hubane ja mugav. Ja muidugi peaks seal olema t\u00e4iuslik puhtus, n\u00e4ha m\u00e4\u00e4rdunud laike istmetel ja plekke sisepolstril on v\u00e4ga ebameeldiv. Lisaks m\u00e4\u00e4rdunud salongile, v\u00f5ib see kahjustada esmamuljet teist kui s\u00f5iduki omanikust.<\/p>\n<p>Viimsipesula pakub sisepuhastuse teenust. Meie spetsialistid eemaldavad kiiresti mustuse ja plekid, \u00fcksk\u00f5ik mis materjalist on valmistatud auto salong. Ideaalne puhtus, s\u00e4ra ja meeldiv v\u00e4rske l\u00f5hn nagu oleksite just praegu ostnud endale uue auto ja s\u00f5idate sellega salongist v\u00e4lja- see on meie t\u00f6\u00f6 tulemus.<\/p>\n<p>Puhtus \u2013 on Teie tervise pant. See fraas on tavaline, kuna h\u00f5lmab inimese elu k\u00f5iki aspekte. Mustus \u2013 on ennek\u00f5ike kahjulikke pisikute kogum, mis v\u00f5ivad kahjustada inimeste tervist. Ja autoomanikud \u2013 Teie olete riskigrupis, sest terve p\u00e4eva jooksul sattub autosse palju tolmu ja mustust.<\/p>\n<p>Sisepuhastuse spetsialistid \u2013 p\u00e4\u00e4stavad Teid vaevast puhastada ise oma s\u00f5iduk, kulutades selleks oma aega ja energiat. Lisaks kasutavad meie spetsialistid vahendeid mis ainult ei puhasta, vaid ka hooldavad ning kingivad Teie auto salongile pika eluaja. Seega, viies l\u00e4bi korrap\u00e4raselt salongi puhastusi, ning hiljem autot m\u00fc\u00fces, leiate kiiresti ostja, kes n\u00e4eb puhast ja h\u00e4sti hooldatud salongi ning saab aru, et autot hoolikalt hoitud. Ja seej\u00e4rel langetab otsuse osta just Teie auto.<\/p>\n<p><strong>Sisepuhastuse etapid:<\/strong><\/p>\n<p>\u2022 Eemaldame tolmu, liiva ja mustuseosakesed kuivmeetodit kasutades, spetsiaalse seadme abil;<br \/>\n\u2022 Salongi t\u00f6\u00f6tlemine m\u00e4rgade spets.vahenditega. Pesuaine koostisosad aitavad eemaldada isegi k\u00f5ige kangekaelsema mustuse hoolikalt ja \u00f5rnalt, kahjustamata materjali pinda;<br \/>\n\u2022 Salongi kuivatamine. See samm on vajalik, et eemaldada j\u00e4relej\u00e4\u00e4nud niiskus;<br \/>\n\u2022 Salongi t\u00f6\u00f6tlemine erinevate vahenditega mille eesm\u00e4rk on kaitsta pinna kuivamist ja enneaegset kulumist.<\/p>\n<p>Oleme agaralt j\u00e4lginud k\u00f5iki uusi ja uuenduslikke ideid selles valdkonnas. Ning ostame uuemaid vahendeid, mis toimivad ka k\u00f5ige t\u00f5husama mustuse peal. See annab meile v\u00f5imaluse teha t\u00e4iesti puhtaks ka k\u00f5ige m\u00e4\u00e4rdunumad autod.<\/p>\n<p>Sisepuhastus meie spetsialistide poolt \u2013 garanteeritud kvaliteetsed t\u00f6\u00f6d, taskukohaste hindadega igale autoomanikule.<\/p>","protected":false},"excerpt":{"rendered":"<p>T\u00e4nap\u00e4eva inimese jaoks \u2013 ei ole auto lihtsalt transpordivahend, see on koht, kus ta veedab suurema osa oma ajast. Ja<\/p>\n","protected":false},"author":1,"featured_media":0,"parent":0,"menu_order":0,"comment_status":"closed","ping_status":"closed","template":"","meta":[],"_links":{"self":[{"href":"https:\/\/majakaautopesula.ee\/et\/wp-json\/wp\/v2\/pages\/10146"}],"collection":[{"href":"https:\/\/majakaautopesula.ee\/et\/wp-json\/wp\/v2\/pages"}],"about":[{"href":"https:\/\/majakaautopesula.ee\/et\/wp-json\/wp\/v2\/types\/page"}],"author":[{"embeddable":true,"href":"https:\/\/majakaautopesula.ee\/et\/wp-json\/wp\/v2\/users\/1"}],"replies":[{"embeddable":true,"href":"https:\/\/majakaautopesula.ee\/et\/wp-json\/wp\/v2\/comments?post=10146"}],"version-history":[{"count":1,"href":"https:\/\/majakaautopesula.ee\/et\/wp-json\/wp\/v2\/pages\/10146\/revisions"}],"predecessor-version":[{"id":10239,"href":"https:\/\/majakaautopesula.ee\/et\/wp-json\/wp\/v2\/pages\/10146\/revisions\/10239"}],"wp:attachment":[{"href":"https:\/\/majakaautopesula.ee\/et\/wp-json\/wp\/v2\/media?parent=10146"}],"curies":[{"name":"wp","href":"https:\/\/api.w.org\/{rel}","templated":true}]}}