{"id":10144,"date":"2021-08-02T15:47:11","date_gmt":"2021-08-02T13:47:11","guid":{"rendered":"https:\/\/majaka.sneg.ee\/et\/?page_id=10144"},"modified":"2023-05-25T10:12:17","modified_gmt":"2023-05-25T08:12:17","slug":"valispesu","status":"publish","type":"page","link":"https:\/\/majakaautopesula.ee\/et\/valispesu\/","title":{"rendered":"V\u00e4lispesu"},"content":{"rendered":"<p>Kontaktivaba autopesu on pesu ilma abrasiivsete vahenditeta, see kaitseb auto v\u00e4rvkatet. Kontaktpesurid, mis esmapilgul tunduvad ohutud, (k\u00e4snad, lapid) on t\u00e4is suurt ohtu, kuna rikuvad Teie auto v\u00e4rvkatet.<\/p>\n<p><strong>Meie t\u00f6\u00f6 koosneb mitmest etapist:<\/strong><\/p>\n<p>Esiteks on p\u00f5hjalik pesemine k\u00f5rgsurve-aparaadiga, mis k\u00f5rvaldab suure osa mustuse kerelt, veljegedelt ja ilukilpidelt. J\u00e4rgmise samuna pihustatakse auto pinnale, kasutades erivahendeid, v\u00e4ga t\u00f5hus puhastaja.<\/p>\n<p>Mis tugineb kaasaegsetele tehnoloogiatele ja sisaldab pindaktiivseid ained ning spetsiaalseid lisandeid.<\/p>\n<p>Oma t\u00f6\u00f6s me kasutame ainult t\u00f5estatud ja v\u00e4ga h\u00e4id rekomendatsioone saanud seadmeid ja vahendeid. Nende kasutamine kontaktivabas pesus aitab \u00e4ra hoida Teie auto v\u00e4rvkatte kriimustamist.<\/p>\n<p>Samas h\u00f5lbustab see ligip\u00e4\u00e4su rasketesse kohtadesse nagu iluliistud, v\u00f5red, tuled, peeglid, veljed jne.<\/p>\n<p>5 minuti p\u00e4rast lahustab aine mustuse ning seej\u00e4rel kasutades k\u00f5rgsurvepesurit auto pind puhastatakse mustusest ja pesuvahendi j\u00e4\u00e4kidest. L\u00f5puks kuivatatakse auto, kasutades spetsiaalseid, pehmeid sametist materjale.<\/p>","protected":false},"excerpt":{"rendered":"<p>Kontaktivaba autopesu on pesu ilma abrasiivsete vahenditeta, see kaitseb auto v\u00e4rvkatet. Kontaktpesurid, mis esmapilgul tunduvad ohutud, (k\u00e4snad, lapid) on t\u00e4is<\/p>\n","protected":false},"author":1,"featured_media":0,"parent":0,"menu_order":0,"comment_status":"closed","ping_status":"closed","template":"","meta":[],"_links":{"self":[{"href":"https:\/\/majakaautopesula.ee\/et\/wp-json\/wp\/v2\/pages\/10144"}],"collection":[{"href":"https:\/\/majakaautopesula.ee\/et\/wp-json\/wp\/v2\/pages"}],"about":[{"href":"https:\/\/majakaautopesula.ee\/et\/wp-json\/wp\/v2\/types\/page"}],"author":[{"embeddable":true,"href":"https:\/\/majakaautopesula.ee\/et\/wp-json\/wp\/v2\/users\/1"}],"replies":[{"embeddable":true,"href":"https:\/\/majakaautopesula.ee\/et\/wp-json\/wp\/v2\/comments?post=10144"}],"version-history":[{"count":1,"href":"https:\/\/majakaautopesula.ee\/et\/wp-json\/wp\/v2\/pages\/10144\/revisions"}],"predecessor-version":[{"id":10242,"href":"https:\/\/majakaautopesula.ee\/et\/wp-json\/wp\/v2\/pages\/10144\/revisions\/10242"}],"wp:attachment":[{"href":"https:\/\/majakaautopesula.ee\/et\/wp-json\/wp\/v2\/media?parent=10144"}],"curies":[{"name":"wp","href":"https:\/\/api.w.org\/{rel}","templated":true}]}}