{"id":10140,"date":"2021-08-02T15:44:42","date_gmt":"2021-08-02T13:44:42","guid":{"rendered":"https:\/\/majaka.sneg.ee\/et\/?page_id=10140"},"modified":"2023-05-25T10:12:16","modified_gmt":"2023-05-25T08:12:16","slug":"vahatamine","status":"publish","type":"page","link":"https:\/\/majakaautopesula.ee\/et\/vahatamine\/","title":{"rendered":"Vahatamine"},"content":{"rendered":"<p><strong>Auto keret kaitsev kate!<\/strong><\/p>\n<p>Kere katmine vahaga, teostatakse p\u00e4rast auto pesemist, see on kilp Teie auto v\u00e4rvkattele. Vahatamine moodustab kaitsva kihi ning osutab t\u00f5husat vastupanu agressiivsetele keskkonnateguritele ning kaitseb s\u00f5iduki v\u00e4rvikiht otsesest kokkupuutest ebameeldivate ainetega, mis tekivad sageli meie teedel. Need on bituumen, happevihmad, sool, t\u00f5rv jne.<\/p>\n<p>M\u00f5jub kaitsekiht lihtsalt ja t\u00f5husalt. Kui kanda vaha auto kerele kohe p\u00e4rast pesemist annab vaha kerele h\u00fcdrofoobseid omadusi ning t\u00e4idab v\u00e4rvkatte poorid, see takistab keemilisete toimeainete juurdep\u00e4\u00e4su ning hoiab \u00e4ra v\u00e4rvkatte kahjustusi. Vaha pealekandmisest saate aimu ainult auto pesu ajal (veepiisad libisevad maha Teie auto pinnalt), vihmase ilmaga on kohe m\u00e4rgata l\u00e4ige, mida ei olnud ennem hooldust.<\/p>\n<p>Kaitsekatet saate tunda k\u00e4ega katsudes.Kui puudutate mis tahes kere osa siis see on libedam kui vahatamatta kere osa. See omadus v\u00f5imaldab autol j\u00e4\u00e4da kauem puhtamaks, sest mustus ei seondu v\u00e4rvi kihiga. Vaha peale kandmine v\u00f5tab kuni 4 tundi, kaitsekiht kestab 1-6 kuud, s\u00f5ltuvalt vaha koostisest (vaha sorte on palju).<\/p>\n<p><strong>Millistel s\u00f5idukitel v\u00f5ib kasutada vahatamist ja kas see on kasulik uute v\u00f5i v\u00e4rskelt v\u00e4rvitud autode puhul?<\/strong><\/p>\n<p>Mitte ainult kasulik, vaid ka v\u00e4ga soovitatav k\u00f5igile! Kinnituse sellele leiate s\u00f5iduki hooldusraamatust. Peaaegu k\u00f5ik eksperdid on arvamusel, et s\u00e4ilitada v\u00e4rvkatet oma esialgsel kujul on perioodiline kaitsev kiht v\u00e4ga soovitatav. Eriti oluline on see kui s\u00f5idukit on poleeritud. Vahatamiseks kasutatakse kontaktivaba autopesu, pikendades sellega v\u00e4rvkatte eluiga.<\/p>","protected":false},"excerpt":{"rendered":"<p>Auto keret kaitsev kate! Kere katmine vahaga, teostatakse p\u00e4rast auto pesemist, see on kilp Teie auto v\u00e4rvkattele. Vahatamine moodustab kaitsva<\/p>\n","protected":false},"author":1,"featured_media":0,"parent":0,"menu_order":0,"comment_status":"closed","ping_status":"closed","template":"","meta":[],"_links":{"self":[{"href":"https:\/\/majakaautopesula.ee\/et\/wp-json\/wp\/v2\/pages\/10140"}],"collection":[{"href":"https:\/\/majakaautopesula.ee\/et\/wp-json\/wp\/v2\/pages"}],"about":[{"href":"https:\/\/majakaautopesula.ee\/et\/wp-json\/wp\/v2\/types\/page"}],"author":[{"embeddable":true,"href":"https:\/\/majakaautopesula.ee\/et\/wp-json\/wp\/v2\/users\/1"}],"replies":[{"embeddable":true,"href":"https:\/\/majakaautopesula.ee\/et\/wp-json\/wp\/v2\/comments?post=10140"}],"version-history":[{"count":1,"href":"https:\/\/majakaautopesula.ee\/et\/wp-json\/wp\/v2\/pages\/10140\/revisions"}],"predecessor-version":[{"id":10241,"href":"https:\/\/majakaautopesula.ee\/et\/wp-json\/wp\/v2\/pages\/10140\/revisions\/10241"}],"wp:attachment":[{"href":"https:\/\/majakaautopesula.ee\/et\/wp-json\/wp\/v2\/media?parent=10140"}],"curies":[{"name":"wp","href":"https:\/\/api.w.org\/{rel}","templated":true}]}}