{"id":10136,"date":"2021-08-02T15:43:15","date_gmt":"2021-08-02T13:43:15","guid":{"rendered":"https:\/\/majaka.sneg.ee\/et\/?page_id=10136"},"modified":"2023-05-25T10:12:07","modified_gmt":"2023-05-25T08:12:07","slug":"mootoripesu","status":"publish","type":"page","link":"https:\/\/majakaautopesula.ee\/et\/mootoripesu\/","title":{"rendered":"Mootoripesu"},"content":{"rendered":"<p><strong>Kardate ise pesta \u2013 usaldage professionaale!<\/strong><\/p>\n<p>Iga\u00fcks tahab, et tema auto oleks l\u00e4ikiv ja puhas, mootoriruum vajab ka pesu.<\/p>\n<p>Mootoripesu on parem j\u00e4tta spetsialistide, mitte \u00fcritada seda teha ise. On palju n\u00fcansse, mis tekivad mootoripesu puhul, mida aga ei tea tavainimene j\u00e4tke see t\u00f6\u00f6 profesionaalide hooleks. Parem on mitte riskida! Vaja l\u00e4heb erivarustust millega l\u00e4bi puhuda ning kuivatada vastavad osad.<\/p>\n<p>Mootoripesu sisaldab k\u00e4sitsi puhastamist spetsiaalse puhastusainetega mis sisaldab keemiat.<\/p>\n<p>Mootoriruumi vajab regulaarset mustuse, \u00f5li ja muude saasteainete eemaldamist, samuti juhtmete puhastust. P\u00e4rast pesu t\u00f6\u00f6tleme spets.vahenditega plastikosad ning kindlasti kummist detailid.<\/p>","protected":false},"excerpt":{"rendered":"<p>Kardate ise pesta \u2013 usaldage professionaale! Iga\u00fcks tahab, et tema auto oleks l\u00e4ikiv ja puhas, mootoriruum vajab ka pesu. Mootoripesu<\/p>\n","protected":false},"author":1,"featured_media":0,"parent":0,"menu_order":0,"comment_status":"closed","ping_status":"closed","template":"","meta":[],"_links":{"self":[{"href":"https:\/\/majakaautopesula.ee\/et\/wp-json\/wp\/v2\/pages\/10136"}],"collection":[{"href":"https:\/\/majakaautopesula.ee\/et\/wp-json\/wp\/v2\/pages"}],"about":[{"href":"https:\/\/majakaautopesula.ee\/et\/wp-json\/wp\/v2\/types\/page"}],"author":[{"embeddable":true,"href":"https:\/\/majakaautopesula.ee\/et\/wp-json\/wp\/v2\/users\/1"}],"replies":[{"embeddable":true,"href":"https:\/\/majakaautopesula.ee\/et\/wp-json\/wp\/v2\/comments?post=10136"}],"version-history":[{"count":1,"href":"https:\/\/majakaautopesula.ee\/et\/wp-json\/wp\/v2\/pages\/10136\/revisions"}],"predecessor-version":[{"id":10236,"href":"https:\/\/majakaautopesula.ee\/et\/wp-json\/wp\/v2\/pages\/10136\/revisions\/10236"}],"wp:attachment":[{"href":"https:\/\/majakaautopesula.ee\/et\/wp-json\/wp\/v2\/media?parent=10136"}],"curies":[{"name":"wp","href":"https:\/\/api.w.org\/{rel}","templated":true}]}}