{"id":10134,"date":"2021-08-02T15:42:45","date_gmt":"2021-08-02T13:42:45","guid":{"rendered":"https:\/\/majaka.sneg.ee\/et\/?page_id=10134"},"modified":"2023-05-25T10:12:09","modified_gmt":"2023-05-25T08:12:09","slug":"muugieelne-autoettevalmistus","status":"publish","type":"page","link":"https:\/\/majakaautopesula.ee\/et\/muugieelne-autoettevalmistus\/","title":{"rendered":"M\u00fc\u00fcgieelne autoettevalmistus"},"content":{"rendered":"<p>Auto ettevalmistamine m\u00fc\u00fcgiks, mis on teostatud spetsialistide poolt on k\u00f5ige resultatiivsem moodus, t\u00f5sta auto turuv\u00e4\u00e4rtust. Laitmatu v\u00e4limusega auto ning salongi laitmatu puhtus, on kindel viis veenmaks klienti s\u00f5lmimast ostu-m\u00fc\u00fcgi lepingut. Kvaliteetne auto ettevalmistus m\u00fc\u00fcgiks on garantii, et Teie auto ostetakse kiirmas korras ning Teie soovitud tingimustel.<\/p>\n<p>Tihti v\u00f5tavad autoomanikud, enda kanda auto ettevalmistuse, uskuge Teie neljarattaline s\u00f5ber on Teile t\u00e4nulik kui usaldate ta spetsialistide hoolde. See ei ole \u00fcllatav, sest peale kogemuse ja kvalifikatsiooni on nende k\u00e4sutuses kvaliteetsed kaasaegsed puhastus- ja poleerimisvahendid.<\/p>\n<p>Auto ettevalmistusel kasutavad meie t\u00f6\u00f6tajad vahendeid ja materjale, mis tavakasutajale on k\u00e4ttesaamatud. Esialgse v\u00e4limuse ja suurep\u00e4rase t\u00f6\u00f6kvaliteedi tagab Teile meie spetsialiseerunud ja kvalifitseeritud t\u00f6\u00f6tajate k\u00e4ed, mida pakub Majaka Autopesula.<\/p>\n<p><strong>Auto ettevalmistus m\u00fc\u00fcgiks h\u00f5lmab j\u00e4rgmisi etappe:<\/strong><br \/>\n1 Mootori ja kere pesu, akende pesu<br \/>\n2 Salongi ja pakiruumi keemilinepuhastus<br \/>\n3 Auto abrasiivne poleerimine, kasutades kahte v\u00f5i kolme pastat.<br \/>\n4 Kummi viks ja l\u00e4ige<br \/>\n5 Nahast salongi puhastus ja hooldus.<br \/>\n6 Vahatamine<\/p>\n<p><strong>Komplekst\u00f6\u00f6de hind on individuaalne ning s\u00f5ltub auto seisukorrast ning t\u00f6\u00f6de mahust<\/strong><\/p>","protected":false},"excerpt":{"rendered":"<p>Auto ettevalmistamine m\u00fc\u00fcgiks, mis on teostatud spetsialistide poolt on k\u00f5ige resultatiivsem moodus, t\u00f5sta auto turuv\u00e4\u00e4rtust. Laitmatu v\u00e4limusega auto ning salongi<\/p>\n","protected":false},"author":1,"featured_media":0,"parent":0,"menu_order":0,"comment_status":"closed","ping_status":"closed","template":"","meta":[],"_links":{"self":[{"href":"https:\/\/majakaautopesula.ee\/et\/wp-json\/wp\/v2\/pages\/10134"}],"collection":[{"href":"https:\/\/majakaautopesula.ee\/et\/wp-json\/wp\/v2\/pages"}],"about":[{"href":"https:\/\/majakaautopesula.ee\/et\/wp-json\/wp\/v2\/types\/page"}],"author":[{"embeddable":true,"href":"https:\/\/majakaautopesula.ee\/et\/wp-json\/wp\/v2\/users\/1"}],"replies":[{"embeddable":true,"href":"https:\/\/majakaautopesula.ee\/et\/wp-json\/wp\/v2\/comments?post=10134"}],"version-history":[{"count":1,"href":"https:\/\/majakaautopesula.ee\/et\/wp-json\/wp\/v2\/pages\/10134\/revisions"}],"predecessor-version":[{"id":10237,"href":"https:\/\/majakaautopesula.ee\/et\/wp-json\/wp\/v2\/pages\/10134\/revisions\/10237"}],"wp:attachment":[{"href":"https:\/\/majakaautopesula.ee\/et\/wp-json\/wp\/v2\/media?parent=10134"}],"curies":[{"name":"wp","href":"https:\/\/api.w.org\/{rel}","templated":true}]}}