{"id":10127,"date":"2021-08-02T15:32:00","date_gmt":"2021-08-02T13:32:00","guid":{"rendered":"https:\/\/majaka.sneg.ee\/et\/?page_id=10127"},"modified":"2023-05-25T10:11:50","modified_gmt":"2023-05-25T08:11:50","slug":"arikliendile","status":"publish","type":"page","link":"https:\/\/majakaautopesula.ee\/et\/arikliendile\/","title":{"rendered":"\u00c4rikliendile"},"content":{"rendered":"<p><strong>Majaka Autopesula<\/strong>\u00a0pakub firmadele sularahata lepingu, mis annab v\u00f5imaluse \u00fche kuu jooksul<br \/>\nkasutada meie pesula teenuseid ja maksta tuleb kord kuus esitatud arve p\u00f5hjal.<\/p>\n<p>Meil on hea meel teatada, et \u00e4riklientidele pakume p\u00fcsisoodustust, mis on v\u00e4hemalt -10%.<\/p>","protected":false},"excerpt":{"rendered":"<p>Majaka Autopesula\u00a0pakub firmadele sularahata lepingu, mis annab v\u00f5imaluse \u00fche kuu jooksul kasutada meie pesula teenuseid ja maksta tuleb kord kuus<\/p>\n","protected":false},"author":1,"featured_media":0,"parent":0,"menu_order":0,"comment_status":"closed","ping_status":"closed","template":"","meta":[],"_links":{"self":[{"href":"https:\/\/majakaautopesula.ee\/et\/wp-json\/wp\/v2\/pages\/10127"}],"collection":[{"href":"https:\/\/majakaautopesula.ee\/et\/wp-json\/wp\/v2\/pages"}],"about":[{"href":"https:\/\/majakaautopesula.ee\/et\/wp-json\/wp\/v2\/types\/page"}],"author":[{"embeddable":true,"href":"https:\/\/majakaautopesula.ee\/et\/wp-json\/wp\/v2\/users\/1"}],"replies":[{"embeddable":true,"href":"https:\/\/majakaautopesula.ee\/et\/wp-json\/wp\/v2\/comments?post=10127"}],"version-history":[{"count":1,"href":"https:\/\/majakaautopesula.ee\/et\/wp-json\/wp\/v2\/pages\/10127\/revisions"}],"predecessor-version":[{"id":10229,"href":"https:\/\/majakaautopesula.ee\/et\/wp-json\/wp\/v2\/pages\/10127\/revisions\/10229"}],"wp:attachment":[{"href":"https:\/\/majakaautopesula.ee\/et\/wp-json\/wp\/v2\/media?parent=10127"}],"curies":[{"name":"wp","href":"https:\/\/api.w.org\/{rel}","templated":true}]}}