{"id":10110,"date":"2021-08-02T15:10:56","date_gmt":"2021-08-02T13:10:56","guid":{"rendered":"https:\/\/majaka.sneg.ee\/et\/?page_id=10110"},"modified":"2026-04-01T10:38:43","modified_gmt":"2026-04-01T08:38:43","slug":"hinnad","status":"publish","type":"page","link":"https:\/\/majakaautopesula.ee\/et\/hinnad\/","title":{"rendered":"Hinnad"},"content":{"rendered":"<p>[vc_row][vc_column]\t\t\t<link rel=\"stylesheet\" id=\"wd-section-title-css\" href=\"https:\/\/majakaautopesula.ee\/wp-content\/themes\/woodmart\/css\/parts\/el-section-title.min.css?ver=7.2.4\" type=\"text\/css\" media=\"all\" \/> \t\t\t\t\t\t<link rel=\"stylesheet\" id=\"wd-section-title-style-under-and-over-css\" href=\"https:\/\/majakaautopesula.ee\/wp-content\/themes\/woodmart\/css\/parts\/el-section-title-style-under-and-over.min.css?ver=7.2.4\" type=\"text\/css\" media=\"all\" \/> \t\t\t\t\t\t<link rel=\"stylesheet\" id=\"wd-mod-highlighted-text-css\" href=\"https:\/\/majakaautopesula.ee\/wp-content\/themes\/woodmart\/css\/parts\/mod-highlighted-text.min.css?ver=7.2.4\" type=\"text\/css\" media=\"all\" \/> \t\t\t\n\t\t<div id=\"wd-61096b27e1085\" class=\"title-wrapper wd-wpb set-mb-s reset-last-child  wd-rs-61096b27e1085 wd-title-color-default wd-title-style-underlined text-left  wd-underline-colored\">\n\t\t\t\n\t\t\t<div class=\"liner-continer\">\n\t\t\t\t<h4 class=\"woodmart-title-container title  wd-font-weight- wd-fontsize-l\" >S\u00d5IDUAUTO<\/h4>\n\t\t\t\t\t\t\t<\/div>\n\t\t\t\n\t\t\t\n\t\t\t\n\t\t<\/div>\n\t\t\n\t\t[vc_column_text woodmart_inline=&#8221;no&#8221; text_larger=&#8221;no&#8221;]<strong>EXPRESS &#8211;\u00a0 al. 10 \u20ac<\/strong><br \/>\nKiirpesu ~10-15 min: Keemia leotus, survepesu, aknaklaasi kuivatus<\/p>\n<p><strong>TOPELT EXPRESS &#8211; al. 25 \u20ac<\/strong><br \/>\nTopelt keemia ~45 min: Keemia leotus, \u0161ampoon pesu, kerge vaha, kuivatamine, kummimatti pesu.<\/p>\n<p><strong>STANDART &#8211; al. 35 \u20ac<\/strong><br \/>\nT\u00e4is v\u00e4lispesu ~45-60 min: Reaktiive\\soola\\pigi eemaldus, keemia leotus, sampoon, survepesu, uksepakkude pesu, porimatipesu, vaha, kuivatus.<\/p>\n<p><strong>SALONGI JA PAKKIRUUMI PUHASTUS &#8211; al. 35 \u20ac<\/strong><\/p>\n<p>~60 min. Salongipuhastus tolmuimejega, plastikosade puhastus toodega, aknaklaaside puhastus, porimattide pesu, pakiruumi puhastus.<\/p>\n<p><strong>SUPER &#8211; al. 70 \u20ac<\/strong><\/p>\n<p>~120 min. Pigieemaldaja, keemia leotus, \u00a0sampoon, survepesu, velgede keemia puhastus, vaha, uksepakkude pesu, kuivatus, salongipuhastus tolmuimejega, salongi porimatipesu, plastikosade puhastus, aknaklaaside puhastus, kummitihendite puhastus, pakiruumi puhastus, rehvide l\u00e4igestamine.[\/vc_column_text][\/vc_column][\/vc_row][vc_row][vc_column][vc_empty_space woodmart_hide_large=&#8221;0&#8243; woodmart_hide_medium=&#8221;0&#8243; woodmart_hide_small=&#8221;0&#8243; woodmart_hide_extra_small=&#8221;0&#8243;]\n\t\t<div id=\"wd-61096b31705e5\" class=\"title-wrapper wd-wpb set-mb-s reset-last-child  wd-rs-61096b31705e5 wd-title-color-default wd-title-style-underlined text-left  wd-underline-colored\">\n\t\t\t\n\t\t\t<div class=\"liner-continer\">\n\t\t\t\t<h4 class=\"woodmart-title-container title  wd-font-weight- wd-fontsize-l\" >MAASTUR\/V\u00c4IKEBUSS MAHTUNIVERSAL<\/h4>\n\t\t\t\t\t\t\t<\/div>\n\t\t\t\n\t\t\t\n\t\t\t\n\t\t<\/div>\n\t\t\n\t\t[vc_column_text woodmart_inline=&#8221;no&#8221; text_larger=&#8221;no&#8221;]<strong>EXPRESS &#8211; al. 15 \u20ac<\/strong><br \/>\nKiirpesu ~10-15 min: Keemia leotus, survepesu, aknaklaasi kuivatus<\/p>\n<p><strong>TOPELT EXPRESS &#8211; al. 30 \u20ac<\/strong><br \/>\nTopelt keemia ~45 min: Keemia leotus, \u0161ampoon pesu, kerge vaha, kuivatamine, kummimatti pesu.<\/p>\n<p><strong>STANDART &#8211; al. 45 \u20ac<\/strong><br \/>\nT\u00e4is v\u00e4lispesu ~45-60 min: Reaktiive\\soola\\pigi eemaldus, keemia leotus, sampoon, survepesu, uksepakkude pesu, porimatipesu, vaha, kuivatus,kummimustine.<\/p>\n<p><strong>SALONGI JA PAKKIRUUMI PUHASTUS &#8211; al. 40 \u20ac<\/strong><\/p>\n<p>~60 min. Salongipuhastus tolmuimejega, plastikosade puhastus toodega, aknaklaaside puhastus, porimattide pesu, pakiruumi puhastus.<\/p>\n<p><strong>SUPER &#8211; al. 90 \u20ac<\/strong><\/p>\n<p>Pigieemaldaja, keemia leotus, \u00a0sampoon, survepesu, velgede keemia puhastus, vaha, uksepakkude pesu, kuivatus, salongipuhastus tolmuimejega, salongi porimatipesu, plastikosade puhastus, aknaklaaside puhastus, kummitihendite puhastus, pakiruumi puhastus, rehvide l\u00e4igestamine.\u00a0120 min.[\/vc_column_text][\/vc_column][\/vc_row][vc_row][vc_column][vc_empty_space woodmart_hide_large=&#8221;0&#8243; woodmart_hide_medium=&#8221;0&#8243; woodmart_hide_small=&#8221;0&#8243; woodmart_hide_extra_small=&#8221;0&#8243;]\n\t\t<div id=\"wd-671f6361271b3\" class=\"title-wrapper wd-wpb set-mb-s reset-last-child  wd-rs-671f6361271b3 wd-title-color-default wd-title-style-underlined text-left  wd-underline-colored\">\n\t\t\t\n\t\t\t<div class=\"liner-continer\">\n\t\t\t\t<h4 class=\"woodmart-title-container title  wd-font-weight- wd-fontsize-l\" >\u00d6\u00d6TEENISTUSED<\/h4>\n\t\t\t\t\t\t\t<\/div>\n\t\t\t\n\t\t\t\n\t\t\t\n\t\t<\/div>\n\t\t\n\t\t[vc_column_text woodmart_inline=&#8221;no&#8221; text_larger=&#8221;no&#8221;]<strong>SUPER &#8211; 80-120 \u20ac<br \/>\n<\/strong>120 min.<\/p>\n<p><strong>STANDART + VAHA &#8211; 85-105 \u20ac<br \/>\n<\/strong>120 min<\/p>\n<p><strong>STANDART + KEHA S\u00dcGAVPUHASTUS + VAHA &#8211; 140-170 \u20ac<br \/>\n<\/strong>180 min. kollaste t\u00e4ppide eemaldamine[\/vc_column_text][\/vc_column][\/vc_row][vc_row][vc_column][vc_empty_space woodmart_hide_large=&#8221;0&#8243; woodmart_hide_medium=&#8221;0&#8243; woodmart_hide_small=&#8221;0&#8243; woodmart_hide_extra_small=&#8221;0&#8243;]\n\t\t<div id=\"wd-61096a806216a\" class=\"title-wrapper wd-wpb set-mb-s reset-last-child  wd-rs-61096a806216a wd-title-color-default wd-title-style-underlined text-left  wd-underline-colored\">\n\t\t\t\n\t\t\t<div class=\"liner-continer\">\n\t\t\t\t<h4 class=\"woodmart-title-container title  wd-font-weight- wd-fontsize-l\" >LISATEENUSED<\/h4>\n\t\t\t\t\t\t\t<\/div>\n\t\t\t\n\t\t\t\n\t\t\t\n\t\t<\/div>\n\t\t\n\t\t[vc_row_inner][vc_column_inner width=&#8221;1\/2&#8243;][vc_column_text woodmart_inline=&#8221;no&#8221; text_larger=&#8221;no&#8221;]<\/p>\n<h5 style=\"text-align: center;\"><strong>S\u00f5iduauto<\/strong><\/h5>\n<p>[\/vc_column_text][vc_column_text woodmart_inline=&#8221;no&#8221; text_larger=&#8221;no&#8221;]<\/p>\n<table width=\"522\">\n<tbody>\n<tr>\n<td width=\"417\"><strong>Teenus<\/strong><\/td>\n<td width=\"104\"><strong>Hind<\/strong><\/td>\n<\/tr>\n<tr>\n<td>Salongipuhastus tolmuimejega (ilma pakiruumita).<\/td>\n<td>10 eur<\/td>\n<\/tr>\n<tr>\n<td>Plastikosade puhastus.<\/td>\n<td>10 eur<\/td>\n<\/tr>\n<tr>\n<td>Aknaklaaside puhastus.<\/td>\n<td>10 eur<\/td>\n<\/tr>\n<tr>\n<td>Pakiruumi puhastus.<\/td>\n<td>10 eur<\/td>\n<\/tr>\n<tr>\n<td>Uksepakkude ja porimattide pesu (4tk.)<\/td>\n<td>10 eur<\/td>\n<\/tr>\n<tr>\n<td>Nahksalongi t\u00f6\u00f6tlemine kreemiga<\/td>\n<td>20 eur<\/td>\n<\/tr>\n<tr>\n<td>Velgede keemia puhastus 4tk. Autoga (eraldi)<\/td>\n<td>10 (20) eur<\/td>\n<\/tr>\n<tr>\n<td>Esiklaasi katmine \u00abanti-vihm\u00bb vahendiga\u00a0(k\u00f5ik klaasid)<\/td>\n<td>5 (10) eur<\/td>\n<\/tr>\n<tr>\n<td>Rehvide l\u00e4igestamine (4tk.)<\/td>\n<td>5 eur<\/td>\n<\/tr>\n<tr>\n<td>Mootoripesu.**<\/td>\n<td>20 eur<\/td>\n<\/tr>\n<tr>\n<td>Ukse kummitihendite hooldus. (Silikoon)<\/td>\n<td>5 eur<\/td>\n<\/tr>\n<tr>\n<td>Tekstiil porimattide keemiline puhastus (1tk.)<\/td>\n<td>5 eur<\/td>\n<\/tr>\n<tr>\n<td>Tulede poleerimine (1tk.)<\/td>\n<td>Alates 10 eur*<\/td>\n<\/tr>\n<tr>\n<td>Salongi keemiline puhastus<\/td>\n<td>Alates 150 eur*<\/td>\n<\/tr>\n<tr>\n<td>Pigi\/t\u00f5rva plekki eemaldus.<\/td>\n<td>Alates 10 eur*<\/td>\n<\/tr>\n<tr>\n<td>Tugev vaha<\/td>\n<td>Alates 50 eur*<\/td>\n<\/tr>\n<tr>\n<td>1 istmete keemiline puhastus.<\/td>\n<td>Alates 25 eur*<\/td>\n<\/tr>\n<tr>\n<td width=\"417\">Vee transpordi puhastus (paadid, kaatrid)<\/td>\n<td>Alates 50 eur*<\/td>\n<\/tr>\n<tr>\n<td>Puhastus haagis\/mootorratta \/ ATV \/ roller **<\/td>\n<td>Alates 20 eur*<\/td>\n<\/tr>\n<\/tbody>\n<\/table>\n<p>[\/vc_column_text][\/vc_column_inner][vc_column_inner width=&#8221;1\/2&#8243;][vc_column_text woodmart_inline=&#8221;no&#8221; text_larger=&#8221;no&#8221;]<\/p>\n<h5 style=\"text-align: center;\">Maastur\/V\u00e4ikebuss , Mahtuniversal<\/h5>\n<p>[\/vc_column_text][vc_column_text woodmart_inline=&#8221;no&#8221; text_larger=&#8221;no&#8221;]<\/p>\n<table width=\"626\">\n<tbody>\n<tr>\n<td width=\"417\"><strong>Teenus<\/strong><\/td>\n<td width=\"104\"><strong>Hind<\/strong><\/td>\n<\/tr>\n<tr>\n<td>Salongipuhastus tolmuimejega (ilma pakiruumita).<\/td>\n<td>10 eur<\/td>\n<\/tr>\n<tr>\n<td>Plastikosade puhastus.<\/td>\n<td>10 eur<\/td>\n<\/tr>\n<tr>\n<td>Aknaklaaside puhastus.<\/td>\n<td>10 eur<\/td>\n<\/tr>\n<tr>\n<td>Pakiruumi puhastus.<\/td>\n<td>10 eur<\/td>\n<\/tr>\n<tr>\n<td>Uksepakkude ja porimattide pesu (4tk.)<\/td>\n<td>10 eur<\/td>\n<\/tr>\n<tr>\n<td>Nahksalongi t\u00f6\u00f6tlemine kreemiga<\/td>\n<td>20 eur<\/td>\n<\/tr>\n<tr>\n<td>Velgede keemia puhastus 4tk. Autoga (eraldi)<\/td>\n<td>10 (20) eur<\/td>\n<\/tr>\n<tr>\n<td>Esiklaasi katmine \u00abanti-vihm\u00bb vahendiga\u00a0(k\u00f5ik klaasid)<\/td>\n<td>5 (10) eur<\/td>\n<\/tr>\n<tr>\n<td>Rehvide l\u00e4igestamine (4tk.)<\/td>\n<td>5 eur<\/td>\n<\/tr>\n<tr>\n<td>Mootoripesu.**<\/td>\n<td>20 eur<\/td>\n<\/tr>\n<tr>\n<td>Ukse kummitihendite hooldus. (Silikoon)<\/td>\n<td>5 eur<\/td>\n<\/tr>\n<tr>\n<td>Tekstiil porimattide keemiline puhastus (1tk.)<\/td>\n<td>5 eur<\/td>\n<\/tr>\n<tr>\n<td>Tulede poleerimine (1tk.)<\/td>\n<td>Alates 10 eur*<\/td>\n<\/tr>\n<tr>\n<td>Salongi keemiline puhastus<\/td>\n<td>Alates 150 eur*<\/td>\n<\/tr>\n<tr>\n<td>Pigi\/t\u00f5rva plekki eemaldus.<\/td>\n<td>Alates 10 eur*<\/td>\n<\/tr>\n<tr>\n<td>Tugev vaha<\/td>\n<td>Alates 50 eur*<\/td>\n<\/tr>\n<tr>\n<td>1 istmete keemiline puhastus.<\/td>\n<td>Alates 25 eur*<\/td>\n<\/tr>\n<tr>\n<td width=\"417\">Vee transpordi puhastus (paadid, kaatrid)<\/td>\n<td>Alates 50 eur*<\/td>\n<\/tr>\n<tr>\n<td>Puhastus haagis\/mootorratta \/ ATV \/ roller **<\/td>\n<td>Alates 20 eur*<\/td>\n<\/tr>\n<\/tbody>\n<\/table>\n<p>[\/vc_column_text][\/vc_column_inner][\/vc_row_inner][\/vc_column][\/vc_row][vc_row][vc_column][vc_column_text woodmart_inline=&#8221;no&#8221; text_larger=&#8221;no&#8221;]Hinnad sisaldavad k\u00e4ibemaksu.<\/p>\n<p>* Kokkulepel.<br \/>\n** Administratsioon ei vastuta mootori t\u00f6\u00f6tamise eest p\u00e4rast mootoripesu.<\/p>\n<p>N.B. Puhastamine toimub surve all! Administration ei vastuta kahjude v\u00e4rvkatte ja n\u00f5rgalt kinnitatud osade eest.<\/p>\n<p>OPERAATOR SAAB T\u00d5STA TUGEVALT SAASTATUD AUTO HINDA.[\/vc_column_text][\/vc_column][\/vc_row]<\/p>","protected":false},"excerpt":{"rendered":"<p>[vc_row][vc_column][vc_column_text woodmart_inline=&#8221;no&#8221; text_larger=&#8221;no&#8221;]EXPRESS &#8211;\u00a0 al. 10 \u20ac Kiirpesu ~10-15 min: Keemia leotus, survepesu, aknaklaasi kuivatus TOPELT EXPRESS &#8211; al. 25<\/p>\n","protected":false},"author":1,"featured_media":0,"parent":0,"menu_order":0,"comment_status":"closed","ping_status":"closed","template":"","meta":[],"_links":{"self":[{"href":"https:\/\/majakaautopesula.ee\/et\/wp-json\/wp\/v2\/pages\/10110"}],"collection":[{"href":"https:\/\/majakaautopesula.ee\/et\/wp-json\/wp\/v2\/pages"}],"about":[{"href":"https:\/\/majakaautopesula.ee\/et\/wp-json\/wp\/v2\/types\/page"}],"author":[{"embeddable":true,"href":"https:\/\/majakaautopesula.ee\/et\/wp-json\/wp\/v2\/users\/1"}],"replies":[{"embeddable":true,"href":"https:\/\/majakaautopesula.ee\/et\/wp-json\/wp\/v2\/comments?post=10110"}],"version-history":[{"count":26,"href":"https:\/\/majakaautopesula.ee\/et\/wp-json\/wp\/v2\/pages\/10110\/revisions"}],"predecessor-version":[{"id":10305,"href":"https:\/\/majakaautopesula.ee\/et\/wp-json\/wp\/v2\/pages\/10110\/revisions\/10305"}],"wp:attachment":[{"href":"https:\/\/majakaautopesula.ee\/et\/wp-json\/wp\/v2\/media?parent=10110"}],"curies":[{"name":"wp","href":"https:\/\/api.w.org\/{rel}","templated":true}]}}